{"id":6476,"date":"2022-09-27T11:00:31","date_gmt":"2022-09-27T09:00:31","guid":{"rendered":"https:\/\/seobest.de\/demo20\/?page_id=6476"},"modified":"2025-08-27T15:03:25","modified_gmt":"2025-08-27T13:03:25","slug":"privacy-policy","status":"publish","type":"page","link":"https:\/\/robotronic.ch\/en\/?page_id=6476","title":{"rendered":"Privacy Policy"},"content":{"rendered":"\n<div style=\"height:40px\" aria-hidden=\"true\" class=\"wp-block-spacer\"><\/div>\n\n\n\n<h4 class=\"wp-block-heading\">Vertretungsberechtigte Personen<\/h4>\n\n\n\n<p>Michael Weber<\/p>\n\n\n\n<h4 class=\"wp-block-heading\">Handelsregistereintrag<\/h4>\n\n\n\n<p>Eingetragener Firmenname: Robotronic AG<br>Nummer: CHE-113.707.888<\/p>\n\n\n\n<h4 class=\"wp-block-heading\">Mehrwehrtsteuernummer<\/h4>\n\n\n\n<p>CHE-113.707.888<\/p>\n\n\n\n<h4 class=\"wp-block-heading\">Haftungsausschluss<\/h4>\n\n\n\n<p>Der Autor \u00fcbernimmt keinerlei Gew\u00e4hr hinsichtlich der inhaltlichen Richtigkeit, Genauigkeit, Aktualit\u00e4t, Zuverl\u00e4ssigkeit und Vollst\u00e4ndigkeit der Informationen. Haftungsanspr\u00fcche gegen den Autor wegen Sch\u00e4den materieller oder immaterieller Art, welche aus dem Zugriff oder der Nutzung bzw. Nichtnutzung der ver\u00f6ffentlichten Informationen, durch Missbrauch der Verbindung oder durch technische St\u00f6rungen entstanden sind, werden ausgeschlossen.<br>Alle Angebote sind unverbindlich. Der Autor beh\u00e4lt es sich ausdr\u00fccklich vor, Teile der Seiten oder das gesamte Angebot ohne gesonderte Ank\u00fcndigung zu ver\u00e4ndern, zu erg\u00e4nzen, zu l\u00f6schen oder die Ver\u00f6ffentlichung zeitweise oder endg\u00fcltig einzustellen.<\/p>\n\n\n\n<h4 class=\"wp-block-heading\">Haftung f\u00fcr Links<\/h4>\n\n\n\n<p>Verweise und Links auf Webseiten Dritter liegen ausserhalb unseres Verantwortungsbereichs Es wird jegliche Verantwortung f\u00fcr solche Webseiten abgelehnt. Der Zugriff und die Nutzung solcher Webseiten erfolgen auf eigene Gefahr des Nutzers oder der Nutzerin.<\/p>\n\n\n\n<h4 class=\"wp-block-heading\">Urheberrechte<\/h4>\n\n\n\n<p>Die Urheber- und alle anderen Rechte an Inhalten, Bildern, Fotos oder anderen Dateien auf der Website geh\u00f6ren ausschliesslich der Firma Robotronic AG oder den speziell genannten Rechtsinhabern. F\u00fcr die Reproduktion jeglicher Elemente ist die schriftliche Zustimmung der Urheberrechtstr\u00e4ger im Voraus einzuholen.<\/p>\n\n\n\n<h4 class=\"wp-block-heading\">Datenschutz<\/h4>\n\n\n\n<p>Gest\u00fctzt auf Artikel 13 der schweizerischen Bundesverfassung und die datenschutzrechtlichen Bestimmungen des Bundes (Datenschutzgesetz, DSG) hat jede Person Anspruch auf Schutz ihrer Privatsph\u00e4re sowie auf Schutz vor Missbrauch ihrer pers\u00f6nlichen Daten. Wir halten diese Bestimmungen ein. Pers\u00f6nliche Daten werden streng vertraulich behandelt und weder an Dritte verkauft noch weiter gegeben.<br>In enger Zusammenarbeit mit unseren Hosting-Providern bem\u00fchen wir uns, die Datenbanken so gut wie m\u00f6glich vor fremden Zugriffen, Verlusten, Missbrauch oder vor F\u00e4lschung zu sch\u00fctzen.<br>Beim Zugriff auf unsere Webseiten werden folgende Daten in Logfiles gespeichert: IP-Adresse, Datum, Uhrzeit, Browser-Anfrage und allg. \u00fcbertragene Informationen zum Betriebssystem resp. Browser. Diese Nutzungsdaten bilden die Basis f\u00fcr statistische, anonyme Auswertungen, so dass Trends erkennbar sind, anhand derer wir unsere Angebote entsprechend verbessern k\u00f6nnen.<\/p>\n","protected":false},"excerpt":{"rendered":"<p>Vertretungsberechtigte Personen Michael Weber Handelsregistereintrag Eingetragener Firmenname: Robotronic AGNummer: CHE-113.707.888 Mehrwehrtsteuernummer CHE-113.707.888 Haftungsausschluss Der Autor \u00fcbernimmt keinerlei Gew\u00e4hr hinsichtlich der inhaltlichen Richtigkeit, Genauigkeit, Aktualit\u00e4t, Zuverl\u00e4ssigkeit und Vollst\u00e4ndigkeit der Informationen. Haftungsanspr\u00fcche &#8230;<\/p>\n","protected":false},"author":1,"featured_media":10862,"parent":0,"menu_order":0,"comment_status":"closed","ping_status":"closed","template":"","meta":{"_coblocks_attr":"","_coblocks_dimensions":"","_coblocks_responsive_height":"","_coblocks_accordion_ie_support":"","footnotes":""},"class_list":["post-6476","page","type-page","status-publish","has-post-thumbnail","hentry"],"yoast_head":"<!-- This site is optimized with the Yoast SEO plugin v26.1.1 - https:\/\/yoast.com\/wordpress\/plugins\/seo\/ -->\r\n<title>Privacy Policy - Robotronic AG<\/title>\r\n<meta name=\"robots\" content=\"index, follow, max-snippet:-1, max-image-preview:large, max-video-preview:-1\" \/>\r\n<link rel=\"canonical\" href=\"https:\/\/robotronic.ch\/en\/?page_id=6476\" \/>\r\n<meta property=\"og:locale\" content=\"en_US\" \/>\r\n<meta property=\"og:type\" content=\"article\" \/>\r\n<meta property=\"og:title\" content=\"Privacy Policy - Robotronic AG\" \/>\r\n<meta property=\"og:description\" content=\"Vertretungsberechtigte Personen Michael Weber Handelsregistereintrag Eingetragener Firmenname: Robotronic AGNummer: CHE-113.707.888 Mehrwehrtsteuernummer CHE-113.707.888 Haftungsausschluss Der Autor \u00fcbernimmt keinerlei Gew\u00e4hr hinsichtlich der inhaltlichen Richtigkeit, Genauigkeit, Aktualit\u00e4t, Zuverl\u00e4ssigkeit und Vollst\u00e4ndigkeit der Informationen. Haftungsanspr\u00fcche ...\" \/>\r\n<meta property=\"og:url\" content=\"https:\/\/robotronic.ch\/en\/?page_id=6476\" \/>\r\n<meta property=\"og:site_name\" content=\"Robotronic AG\" \/>\r\n<meta property=\"article:modified_time\" content=\"2025-08-27T13:03:25+00:00\" \/>\r\n<meta property=\"og:image\" content=\"https:\/\/robotronic.ch\/en\/wp-content\/uploads\/2025\/03\/digitization-6883780_1920.jpg\" \/>\r\n\t<meta property=\"og:image:width\" content=\"1920\" \/>\r\n\t<meta property=\"og:image:height\" content=\"1280\" \/>\r\n\t<meta property=\"og:image:type\" content=\"image\/jpeg\" \/>\r\n<meta name=\"twitter:card\" content=\"summary_large_image\" \/>\r\n<meta name=\"twitter:label1\" content=\"Est. reading time\" \/>\n\t<meta name=\"twitter:data1\" content=\"2 minutes\" \/>\r\n<script type=\"application\/ld+json\" class=\"yoast-schema-graph\">{\"@context\":\"https:\/\/schema.org\",\"@graph\":[{\"@type\":\"WebPage\",\"@id\":\"https:\/\/robotronic.ch\/en\/?page_id=6476\",\"url\":\"https:\/\/robotronic.ch\/en\/?page_id=6476\",\"name\":\"Privacy Policy - Robotronic AG\",\"isPartOf\":{\"@id\":\"\/#website\"},\"primaryImageOfPage\":{\"@id\":\"https:\/\/robotronic.ch\/en\/?page_id=6476#primaryimage\"},\"image\":{\"@id\":\"https:\/\/robotronic.ch\/en\/?page_id=6476#primaryimage\"},\"thumbnailUrl\":\"https:\/\/robotronic.ch\/en\/wp-content\/uploads\/2025\/03\/digitization-6883780_1920.jpg\",\"datePublished\":\"2022-09-27T09:00:31+00:00\",\"dateModified\":\"2025-08-27T13:03:25+00:00\",\"breadcrumb\":{\"@id\":\"https:\/\/robotronic.ch\/en\/?page_id=6476#breadcrumb\"},\"inLanguage\":\"en-US\",\"potentialAction\":[{\"@type\":\"ReadAction\",\"target\":[\"https:\/\/robotronic.ch\/en\/?page_id=6476\"]}]},{\"@type\":\"ImageObject\",\"inLanguage\":\"en-US\",\"@id\":\"https:\/\/robotronic.ch\/en\/?page_id=6476#primaryimage\",\"url\":\"https:\/\/robotronic.ch\/en\/wp-content\/uploads\/2025\/03\/digitization-6883780_1920.jpg\",\"contentUrl\":\"https:\/\/robotronic.ch\/en\/wp-content\/uploads\/2025\/03\/digitization-6883780_1920.jpg\",\"width\":1920,\"height\":1280},{\"@type\":\"BreadcrumbList\",\"@id\":\"https:\/\/robotronic.ch\/en\/?page_id=6476#breadcrumb\",\"itemListElement\":[{\"@type\":\"ListItem\",\"position\":1,\"name\":\"Home\",\"item\":\"https:\/\/robotronic.ch\/en\/\"},{\"@type\":\"ListItem\",\"position\":2,\"name\":\"Privacy Policy\"}]},{\"@type\":\"WebSite\",\"@id\":\"\/#website\",\"url\":\"\/\",\"name\":\"Robotronic AG\",\"description\":\"Industrieroboter von Mitsubishi Electric\",\"publisher\":{\"@id\":\"\/#organization\"},\"potentialAction\":[{\"@type\":\"SearchAction\",\"target\":{\"@type\":\"EntryPoint\",\"urlTemplate\":\"\/?s={search_term_string}\"},\"query-input\":{\"@type\":\"PropertyValueSpecification\",\"valueRequired\":true,\"valueName\":\"search_term_string\"}}],\"inLanguage\":\"en-US\"},{\"@type\":\"Organization\",\"@id\":\"\/#organization\",\"name\":\"Mustermann GmbH\",\"url\":\"\/\",\"logo\":{\"@type\":\"ImageObject\",\"inLanguage\":\"en-US\",\"@id\":\"\/#\/schema\/logo\/image\/\",\"url\":\"https:\/\/robotronic.ch\/en\/wp-content\/uploads\/2025\/08\/robotronic-logo.png\",\"contentUrl\":\"https:\/\/robotronic.ch\/en\/wp-content\/uploads\/2025\/08\/robotronic-logo.png\",\"width\":1919,\"height\":637,\"caption\":\"Mustermann GmbH\"},\"image\":{\"@id\":\"\/#\/schema\/logo\/image\/\"}}]}<\/script>\r\n<!-- \/ Yoast SEO plugin. -->","yoast_head_json":{"title":"Privacy Policy - Robotronic AG","robots":{"index":"index","follow":"follow","max-snippet":"max-snippet:-1","max-image-preview":"max-image-preview:large","max-video-preview":"max-video-preview:-1"},"canonical":"https:\/\/robotronic.ch\/en\/?page_id=6476","og_locale":"en_US","og_type":"article","og_title":"Privacy Policy - Robotronic AG","og_description":"Vertretungsberechtigte Personen Michael Weber Handelsregistereintrag Eingetragener Firmenname: Robotronic AGNummer: CHE-113.707.888 Mehrwehrtsteuernummer CHE-113.707.888 Haftungsausschluss Der Autor \u00fcbernimmt keinerlei Gew\u00e4hr hinsichtlich der inhaltlichen Richtigkeit, Genauigkeit, Aktualit\u00e4t, Zuverl\u00e4ssigkeit und Vollst\u00e4ndigkeit der Informationen. Haftungsanspr\u00fcche ...","og_url":"https:\/\/robotronic.ch\/en\/?page_id=6476","og_site_name":"Robotronic AG","article_modified_time":"2025-08-27T13:03:25+00:00","og_image":[{"width":1920,"height":1280,"url":"https:\/\/robotronic.ch\/en\/wp-content\/uploads\/2025\/03\/digitization-6883780_1920.jpg","type":"image\/jpeg"}],"twitter_card":"summary_large_image","twitter_misc":{"Est. reading time":"2 minutes"},"schema":{"@context":"https:\/\/schema.org","@graph":[{"@type":"WebPage","@id":"https:\/\/robotronic.ch\/en\/?page_id=6476","url":"https:\/\/robotronic.ch\/en\/?page_id=6476","name":"Privacy Policy - Robotronic AG","isPartOf":{"@id":"\/#website"},"primaryImageOfPage":{"@id":"https:\/\/robotronic.ch\/en\/?page_id=6476#primaryimage"},"image":{"@id":"https:\/\/robotronic.ch\/en\/?page_id=6476#primaryimage"},"thumbnailUrl":"https:\/\/robotronic.ch\/en\/wp-content\/uploads\/2025\/03\/digitization-6883780_1920.jpg","datePublished":"2022-09-27T09:00:31+00:00","dateModified":"2025-08-27T13:03:25+00:00","breadcrumb":{"@id":"https:\/\/robotronic.ch\/en\/?page_id=6476#breadcrumb"},"inLanguage":"en-US","potentialAction":[{"@type":"ReadAction","target":["https:\/\/robotronic.ch\/en\/?page_id=6476"]}]},{"@type":"ImageObject","inLanguage":"en-US","@id":"https:\/\/robotronic.ch\/en\/?page_id=6476#primaryimage","url":"https:\/\/robotronic.ch\/en\/wp-content\/uploads\/2025\/03\/digitization-6883780_1920.jpg","contentUrl":"https:\/\/robotronic.ch\/en\/wp-content\/uploads\/2025\/03\/digitization-6883780_1920.jpg","width":1920,"height":1280},{"@type":"BreadcrumbList","@id":"https:\/\/robotronic.ch\/en\/?page_id=6476#breadcrumb","itemListElement":[{"@type":"ListItem","position":1,"name":"Home","item":"https:\/\/robotronic.ch\/en\/"},{"@type":"ListItem","position":2,"name":"Privacy Policy"}]},{"@type":"WebSite","@id":"\/#website","url":"\/","name":"Robotronic AG","description":"Industrieroboter von Mitsubishi Electric","publisher":{"@id":"\/#organization"},"potentialAction":[{"@type":"SearchAction","target":{"@type":"EntryPoint","urlTemplate":"\/?s={search_term_string}"},"query-input":{"@type":"PropertyValueSpecification","valueRequired":true,"valueName":"search_term_string"}}],"inLanguage":"en-US"},{"@type":"Organization","@id":"\/#organization","name":"Mustermann GmbH","url":"\/","logo":{"@type":"ImageObject","inLanguage":"en-US","@id":"\/#\/schema\/logo\/image\/","url":"https:\/\/robotronic.ch\/en\/wp-content\/uploads\/2025\/08\/robotronic-logo.png","contentUrl":"https:\/\/robotronic.ch\/en\/wp-content\/uploads\/2025\/08\/robotronic-logo.png","width":1919,"height":637,"caption":"Mustermann GmbH"},"image":{"@id":"\/#\/schema\/logo\/image\/"}}]}},"_links":{"self":[{"href":"https:\/\/robotronic.ch\/en\/index.php?rest_route=\/wp\/v2\/pages\/6476","targetHints":{"allow":["GET"]}}],"collection":[{"href":"https:\/\/robotronic.ch\/en\/index.php?rest_route=\/wp\/v2\/pages"}],"about":[{"href":"https:\/\/robotronic.ch\/en\/index.php?rest_route=\/wp\/v2\/types\/page"}],"author":[{"embeddable":true,"href":"https:\/\/robotronic.ch\/en\/index.php?rest_route=\/wp\/v2\/users\/1"}],"replies":[{"embeddable":true,"href":"https:\/\/robotronic.ch\/en\/index.php?rest_route=%2Fwp%2Fv2%2Fcomments&post=6476"}],"version-history":[{"count":26,"href":"https:\/\/robotronic.ch\/en\/index.php?rest_route=\/wp\/v2\/pages\/6476\/revisions"}],"predecessor-version":[{"id":11262,"href":"https:\/\/robotronic.ch\/en\/index.php?rest_route=\/wp\/v2\/pages\/6476\/revisions\/11262"}],"wp:featuredmedia":[{"embeddable":true,"href":"https:\/\/robotronic.ch\/en\/index.php?rest_route=\/wp\/v2\/media\/10862"}],"wp:attachment":[{"href":"https:\/\/robotronic.ch\/en\/index.php?rest_route=%2Fwp%2Fv2%2Fmedia&parent=6476"}],"curies":[{"name":"wp","href":"https:\/\/api.w.org\/{rel}","templated":true}]}}